{"id":29,"date":"2025-08-24T21:49:30","date_gmt":"2025-08-24T21:49:30","guid":{"rendered":"https:\/\/albanianevent.com\/?page_id=29"},"modified":"2025-09-19T06:58:54","modified_gmt":"2025-09-19T06:58:54","slug":"events","status":"publish","type":"page","link":"https:\/\/albanianevent.com\/","title":{"rendered":"Events"},"content":{"rendered":"\n<p class=\"has-text-align-center\"><strong>Kjo faqe \u00ebsht\u00eb n\u00eb nd\u00ebrtim<\/strong><\/p>\n\n\n<p>[events]<\/p>\n\n\n<div class=\"wp-block-media-text is-stacked-on-mobile\" style=\"grid-template-columns:15% auto\"><figure class=\"wp-block-media-text__media\"><img loading=\"lazy\" decoding=\"async\" width=\"512\" height=\"512\" src=\"https:\/\/albanianevent.com\/wp-content\/uploads\/2025\/09\/Logo.png\" alt=\"\" class=\"wp-image-249 size-full\" srcset=\"https:\/\/albanianevent.com\/wp-content\/uploads\/2025\/09\/Logo.png 512w, https:\/\/albanianevent.com\/wp-content\/uploads\/2025\/09\/Logo-300x300.png 300w, https:\/\/albanianevent.com\/wp-content\/uploads\/2025\/09\/Logo-150x150.png 150w\" sizes=\"auto, (max-width: 512px) 100vw, 512px\" \/><\/figure><div class=\"wp-block-media-text__content\">\n<p><strong>Kjo faqe mundeson regjistrimin me lehtesi te personave ne evente te ndryshme:<\/strong><\/p>\n<\/div><\/div>\n\n\n\n<ul class=\"wp-block-list\">\n<li>Data       Titulli        Kategoria        Vendi<\/li>\n<\/ul>\n\n\n\n<p><\/p>\n\n\n\n<div class=\"wp-block-group is-nowrap is-layout-flex wp-container-core-group-is-layout-ad2f72ca wp-block-group-is-layout-flex\">\n<div class=\"wp-block-group is-nowrap is-layout-flex wp-container-core-group-is-layout-ad2f72ca wp-block-group-is-layout-flex\">\n<ul class=\"wp-block-list\">\n<li><\/li>\n<\/ul>\n<\/div>\n<\/div>\n\n\n\n<figure class=\"wp-block-table aligncenter\"><table class=\"has-fixed-layout\"><thead><tr><th class=\"has-text-align-center\" data-align=\"center\">Data<\/th><th class=\"has-text-align-center\" data-align=\"center\">Titulli<\/th><th>Kategoria<\/th><th>Vendi<\/th><th>Pranuar<\/th><\/tr><\/thead><tbody><tr><td class=\"has-text-align-center\" data-align=\"center\"><\/td><td class=\"has-text-align-center\" data-align=\"center\"><\/td><td><\/td><td><\/td><td><\/td><\/tr><tr><td class=\"has-text-align-center\" data-align=\"center\"><\/td><td class=\"has-text-align-center\" data-align=\"center\"><\/td><td><\/td><td><\/td><td><\/td><\/tr><tr><td class=\"has-text-align-center\" data-align=\"center\"><\/td><td class=\"has-text-align-center\" data-align=\"center\"><\/td><td><\/td><td><\/td><td><\/td><\/tr><tr><td class=\"has-text-align-center\" data-align=\"center\"><\/td><td class=\"has-text-align-center\" data-align=\"center\"><\/td><td><\/td><td><\/td><td><\/td><\/tr><tr><td class=\"has-text-align-center\" data-align=\"center\"><\/td><td class=\"has-text-align-center\" data-align=\"center\"><\/td><td><\/td><td><\/td><td><\/td><\/tr><\/tbody><\/table><\/figure>\n\n\n\n<p><\/p>\n","protected":false},"excerpt":{"rendered":"<p>Kjo faqe \u00ebsht\u00eb n\u00eb nd\u00ebrtim [events] Kjo faqe mundeson regjistrimin me lehtesi te personave ne evente te ndryshme: Data Titulli Kategoria Vendi Pranuar<\/p>\n","protected":false},"author":1,"featured_media":0,"parent":0,"menu_order":0,"comment_status":"closed","ping_status":"closed","template":"","meta":{"footnotes":""},"class_list":["post-29","page","type-page","status-publish","hentry"],"jetpack_sharing_enabled":true,"_links":{"self":[{"href":"https:\/\/albanianevent.com\/index.php?rest_route=\/wp\/v2\/pages\/29","targetHints":{"allow":["GET"]}}],"collection":[{"href":"https:\/\/albanianevent.com\/index.php?rest_route=\/wp\/v2\/pages"}],"about":[{"href":"https:\/\/albanianevent.com\/index.php?rest_route=\/wp\/v2\/types\/page"}],"author":[{"embeddable":true,"href":"https:\/\/albanianevent.com\/index.php?rest_route=\/wp\/v2\/users\/1"}],"replies":[{"embeddable":true,"href":"https:\/\/albanianevent.com\/index.php?rest_route=%2Fwp%2Fv2%2Fcomments&post=29"}],"version-history":[{"count":16,"href":"https:\/\/albanianevent.com\/index.php?rest_route=\/wp\/v2\/pages\/29\/revisions"}],"predecessor-version":[{"id":264,"href":"https:\/\/albanianevent.com\/index.php?rest_route=\/wp\/v2\/pages\/29\/revisions\/264"}],"wp:attachment":[{"href":"https:\/\/albanianevent.com\/index.php?rest_route=%2Fwp%2Fv2%2Fmedia&parent=29"}],"curies":[{"name":"wp","href":"https:\/\/api.w.org\/{rel}","templated":true}]}}